{"id":655,"date":"2024-02-09T09:31:33","date_gmt":"2024-02-09T09:31:33","guid":{"rendered":"https:\/\/po.blike.ro\/?page_id=655"},"modified":"2025-02-06T11:46:51","modified_gmt":"2025-02-06T11:46:51","slug":"pescuit-in-delta-dunarii","status":"publish","type":"page","link":"https:\/\/pensiuneaovidiu.ro\/en\/pescuit-in-delta-dunarii\/","title":{"rendered":"Fishing"},"content":{"rendered":"\t\t<div data-elementor-type=\"wp-page\" data-elementor-id=\"655\" class=\"elementor elementor-655\" data-elementor-post-type=\"page\">\n\t\t\t\t<div class=\"elementor-element elementor-element-5310e05 e-flex e-con-boxed e-con e-parent\" data-id=\"5310e05\" data-element_type=\"container\" data-settings=\"{&quot;background_background&quot;:&quot;classic&quot;}\">\n\t\t\t\t\t<div class=\"e-con-inner\">\n\t\t\t\t<div class=\"elementor-element elementor-element-ca9ea35 elementor-widget elementor-widget-text-editor\" data-id=\"ca9ea35\" data-element_type=\"widget\" data-widget_type=\"text-editor.default\">\n\t\t\t\t<div class=\"elementor-widget-container\">\n\t\t\t\t\t\t\t\t\t<div id=\"text_block-434-104\" class=\"ct-text-block winery-subheading\">Delta dunarii &#8211; Pensiunea Ovidiu<\/div>\t\t\t\t\t\t\t\t<\/div>\n\t\t\t\t<\/div>\n\t\t\t\t<div class=\"elementor-element elementor-element-5f9fade elementor-widget elementor-widget-heading\" data-id=\"5f9fade\" data-element_type=\"widget\" data-widget_type=\"heading.default\">\n\t\t\t\t<div class=\"elementor-widget-container\">\n\t\t\t\t\t<h1 class=\"elementor-heading-title elementor-size-default\">Pescuit in Delta Dunarii<\/h1>\t\t\t\t<\/div>\n\t\t\t\t<\/div>\n\t\t\t\t<div class=\"elementor-element elementor-element-d2481bd elementor-widget elementor-widget-heading\" data-id=\"d2481bd\" data-element_type=\"widget\" data-widget_type=\"heading.default\">\n\t\t\t\t<div class=\"elementor-widget-container\">\n\t\t\t\t\t<h2 class=\"elementor-heading-title elementor-size-default\">Pescuit la rapitor sau stationar<\/h2>\t\t\t\t<\/div>\n\t\t\t\t<\/div>\n\t\t\t\t\t<\/div>\n\t\t\t\t<\/div>\n\t\t<div class=\"elementor-element elementor-element-2be0c7a e-flex e-con-boxed e-con e-parent\" data-id=\"2be0c7a\" data-element_type=\"container\">\n\t\t\t\t\t<div class=\"e-con-inner\">\n\t\t\t\t<div class=\"elementor-element elementor-element-a403f02 elementor-widget elementor-widget-heading\" data-id=\"a403f02\" data-element_type=\"widget\" data-widget_type=\"heading.default\">\n\t\t\t\t<div class=\"elementor-widget-container\">\n\t\t\t\t\t<h1 class=\"elementor-heading-title elementor-size-default\">PESCUIT \u00ceN DELTA DUN\u0102RII<\/h1>\t\t\t\t<\/div>\n\t\t\t\t<\/div>\n\t\t\t\t<div class=\"elementor-element elementor-element-9f1e577 elementor-widget elementor-widget-text-editor\" data-id=\"9f1e577\" data-element_type=\"widget\" data-widget_type=\"text-editor.default\">\n\t\t\t\t<div class=\"elementor-widget-container\">\n\t\t\t\t\t\t\t\t\t<p>Deoarece stim cat de importanta este pasiunea pentru pescuit, venim \u00een \u00eentampinarea dumneavoastr\u0103 cu pachete la sta\u021bionar si r\u0103pitor sau oferte personalizate dup\u0103 nevoile dumneavoastr\u0103. V\u0103 a\u0219tept\u0103m la o partid\u0103 de pescuit \u00een Delta Dun\u0103rii, departe de poluare, zgomotul ora\u0219ului, \u00eentr-un loc unic in Romania si \u00een \u00eentreaga lume unde dumneavoastr\u0103 v\u0103 puteti relaxa \u00eembin\u00e2nd pasiunea cu natura si confortul.<\/p>\t\t\t\t\t\t\t\t<\/div>\n\t\t\t\t<\/div>\n\t\t\t\t\t<\/div>\n\t\t\t\t<\/div>\n\t\t<div class=\"elementor-element elementor-element-fc918a0 e-flex e-con-boxed e-con e-parent\" data-id=\"fc918a0\" data-element_type=\"container\">\n\t\t\t\t\t<div class=\"e-con-inner\">\n\t\t<div class=\"elementor-element elementor-element-c50a74b e-con-full e-flex e-con e-child\" data-id=\"c50a74b\" data-element_type=\"container\">\n\t\t\t\t<div class=\"elementor-element elementor-element-969524e elementor-widget elementor-widget-heading\" data-id=\"969524e\" data-element_type=\"widget\" data-widget_type=\"heading.default\">\n\t\t\t\t<div class=\"elementor-widget-container\">\n\t\t\t\t\t<div class=\"elementor-heading-title elementor-size-default\">Pescuit in Delta Dunarii<\/div>\t\t\t\t<\/div>\n\t\t\t\t<\/div>\n\t\t\t\t<div class=\"elementor-element elementor-element-9866a20 elementor-widget elementor-widget-heading\" data-id=\"9866a20\" data-element_type=\"widget\" data-widget_type=\"heading.default\">\n\t\t\t\t<div class=\"elementor-widget-container\">\n\t\t\t\t\t<h1 class=\"elementor-heading-title elementor-size-default\">Pescuit la stationar<\/h1>\t\t\t\t<\/div>\n\t\t\t\t<\/div>\n\t\t\t\t<div class=\"elementor-element elementor-element-6ac7eb0 elementor-widget elementor-widget-text-editor\" data-id=\"6ac7eb0\" data-element_type=\"widget\" data-widget_type=\"text-editor.default\">\n\t\t\t\t<div class=\"elementor-widget-container\">\n\t\t\t\t\t\t\t\t\t<p><b>PESCUIT \u00ceN DELTA DUN\u0102RII<\/b><\/p><p>Deoarece \u0219tim c\u0103 pescuitul este o adevarata pasiune v\u0103 asteptam cu oferte cu toate serviciile necesare pentru un sejur ideal in inima Deltei Dunarii . Ofertele pentru pescuitul la stationar pot fi personalizate in functie de nevoile dumneavoastr\u0103.<\/p>\t\t\t\t\t\t\t\t<\/div>\n\t\t\t\t<\/div>\n\t\t\t\t<div class=\"elementor-element elementor-element-fd6d33a elementor-align-center elementor-widget elementor-widget-button\" data-id=\"fd6d33a\" data-element_type=\"widget\" data-widget_type=\"button.default\">\n\t\t\t\t<div class=\"elementor-widget-container\">\n\t\t\t\t\t\t\t\t\t<div class=\"elementor-button-wrapper\">\n\t\t\t\t\t<a class=\"elementor-button elementor-button-link elementor-size-sm\" href=\"https:\/\/pensiuneaovidiu.ro\/contact\/\">\n\t\t\t\t\t\t<span class=\"elementor-button-content-wrapper\">\n\t\t\t\t\t\t\t\t\t<span class=\"elementor-button-text\">REZERV\u0102 SEJUR<\/span>\n\t\t\t\t\t<\/span>\n\t\t\t\t\t<\/a>\n\t\t\t\t<\/div>\n\t\t\t\t\t\t\t\t<\/div>\n\t\t\t\t<\/div>\n\t\t\t\t<\/div>\n\t\t<div class=\"elementor-element elementor-element-cba59fe e-con-full e-flex e-con e-child\" data-id=\"cba59fe\" data-element_type=\"container\" data-settings=\"{&quot;background_background&quot;:&quot;slideshow&quot;,&quot;background_slideshow_gallery&quot;:[{&quot;id&quot;:668,&quot;url&quot;:&quot;https:\\\/\\\/pensiuneaovidiu.ro\\\/wp-content\\\/uploads\\\/2024\\\/02\\\/delta-dunarii-pescuit.jpg&quot;},{&quot;id&quot;:669,&quot;url&quot;:&quot;https:\\\/\\\/pensiuneaovidiu.ro\\\/wp-content\\\/uploads\\\/2024\\\/02\\\/sejur-pescuit-delta-dunarii.jpg&quot;},{&quot;id&quot;:175,&quot;url&quot;:&quot;https:\\\/\\\/pensiuneaovidiu.ro\\\/wp-content\\\/uploads\\\/2024\\\/02\\\/plensiune-delta-dunarii-all-inclusive.webp&quot;},{&quot;id&quot;:1858,&quot;url&quot;:&quot;https:\\\/\\\/pensiuneaovidiu.ro\\\/wp-content\\\/uploads\\\/2022\\\/04\\\/PHOTO-2024-10-29-16-49-19-4.jpg&quot;}],&quot;background_slideshow_lazyload&quot;:&quot;yes&quot;,&quot;background_slideshow_loop&quot;:&quot;yes&quot;,&quot;background_slideshow_slide_duration&quot;:5000,&quot;background_slideshow_slide_transition&quot;:&quot;fade&quot;,&quot;background_slideshow_transition_duration&quot;:500}\">\n\t\t\t\t<\/div>\n\t\t\t\t\t<\/div>\n\t\t\t\t<\/div>\n\t\t<div class=\"elementor-element elementor-element-55b87d1 e-flex e-con-boxed e-con e-parent\" data-id=\"55b87d1\" data-element_type=\"container\">\n\t\t\t\t\t<div class=\"e-con-inner\">\n\t\t<div class=\"elementor-element elementor-element-62e0a43 e-con-full e-flex e-con e-child\" data-id=\"62e0a43\" data-element_type=\"container\" data-settings=\"{&quot;background_background&quot;:&quot;slideshow&quot;,&quot;background_slideshow_gallery&quot;:[{&quot;id&quot;:673,&quot;url&quot;:&quot;https:\\\/\\\/pensiuneaovidiu.ro\\\/wp-content\\\/uploads\\\/2024\\\/02\\\/delta-dunarii-pescuit-rapitor.jpg&quot;},{&quot;id&quot;:674,&quot;url&quot;:&quot;https:\\\/\\\/pensiuneaovidiu.ro\\\/wp-content\\\/uploads\\\/2024\\\/02\\\/pescuit-la-rapitor-in-delta-dunarii.jpg&quot;},{&quot;id&quot;:675,&quot;url&quot;:&quot;https:\\\/\\\/pensiuneaovidiu.ro\\\/wp-content\\\/uploads\\\/2024\\\/02\\\/delta-dunarii-orasul-sulina-pescuit.jpg&quot;}],&quot;background_slideshow_lazyload&quot;:&quot;yes&quot;,&quot;background_slideshow_loop&quot;:&quot;yes&quot;,&quot;background_slideshow_slide_duration&quot;:5000,&quot;background_slideshow_slide_transition&quot;:&quot;fade&quot;,&quot;background_slideshow_transition_duration&quot;:500}\">\n\t\t\t\t<\/div>\n\t\t<div class=\"elementor-element elementor-element-d3fefbb e-con-full e-flex e-con e-child\" data-id=\"d3fefbb\" data-element_type=\"container\">\n\t\t\t\t<div class=\"elementor-element elementor-element-8d89fa3 elementor-widget elementor-widget-heading\" data-id=\"8d89fa3\" data-element_type=\"widget\" data-widget_type=\"heading.default\">\n\t\t\t\t<div class=\"elementor-widget-container\">\n\t\t\t\t\t<div class=\"elementor-heading-title elementor-size-default\">Pescuit \u00ceN Delta DUN\u0102RII<\/div>\t\t\t\t<\/div>\n\t\t\t\t<\/div>\n\t\t\t\t<div class=\"elementor-element elementor-element-95bda81 elementor-widget elementor-widget-heading\" data-id=\"95bda81\" data-element_type=\"widget\" data-widget_type=\"heading.default\">\n\t\t\t\t<div class=\"elementor-widget-container\">\n\t\t\t\t\t<h1 class=\"elementor-heading-title elementor-size-default\">Pescuit la rapitor<\/h1>\t\t\t\t<\/div>\n\t\t\t\t<\/div>\n\t\t\t\t<div class=\"elementor-element elementor-element-0079c7f elementor-widget elementor-widget-text-editor\" data-id=\"0079c7f\" data-element_type=\"widget\" data-widget_type=\"text-editor.default\">\n\t\t\t\t<div class=\"elementor-widget-container\">\n\t\t\t\t\t\t\t\t\t<p>Deoarece \u0219tim c\u0103 pescuitul este o adevarata pasiune v\u0103 asteptam cu oferte cu toate serviciile necesare pentru un sejur ideal in inima Deltei Dunarii . Ofertele pentru pescuitul la stationar pot fi personalizate in functie de nevoile dumneavoastr\u0103.<\/p><p>\u00a0<\/p>\t\t\t\t\t\t\t\t<\/div>\n\t\t\t\t<\/div>\n\t\t\t\t<div class=\"elementor-element elementor-element-5e2da31 elementor-align-center elementor-widget elementor-widget-button\" data-id=\"5e2da31\" data-element_type=\"widget\" data-widget_type=\"button.default\">\n\t\t\t\t<div class=\"elementor-widget-container\">\n\t\t\t\t\t\t\t\t\t<div class=\"elementor-button-wrapper\">\n\t\t\t\t\t<a class=\"elementor-button elementor-button-link elementor-size-sm\" href=\"https:\/\/pensiuneaovidiu.ro\/contact\/\">\n\t\t\t\t\t\t<span class=\"elementor-button-content-wrapper\">\n\t\t\t\t\t\t\t\t\t<span class=\"elementor-button-text\">REZERV\u0102 SEJUR<\/span>\n\t\t\t\t\t<\/span>\n\t\t\t\t\t<\/a>\n\t\t\t\t<\/div>\n\t\t\t\t\t\t\t\t<\/div>\n\t\t\t\t<\/div>\n\t\t\t\t<\/div>\n\t\t\t\t\t<\/div>\n\t\t\t\t<\/div>\n\t\t\t\t<\/div>\n\t\t","protected":false},"excerpt":{"rendered":"<p>Delta dunarii &#8211; Pensiunea Ovidiu Pescuit in Delta Dunarii Pescuit la rapitor sau stationar PESCUIT \u00ceN DELTA DUN\u0102RII Deoarece stim cat de importanta este pasiunea pentru pescuit, venim \u00een \u00eentampinarea dumneavoastr\u0103 cu pachete la sta\u021bionar si r\u0103pitor sau oferte personalizate dup\u0103 nevoile dumneavoastr\u0103. V\u0103 a\u0219tept\u0103m la o partid\u0103 de pescuit \u00een Delta Dun\u0103rii, departe de [&hellip;]<\/p>\n","protected":false},"author":1,"featured_media":0,"parent":0,"menu_order":0,"comment_status":"closed","ping_status":"closed","template":"elementor_header_footer","meta":{"footnotes":""},"class_list":["post-655","page","type-page","status-publish","hentry"],"yoast_head":"<!-- This site is optimized with the Yoast SEO plugin v26.9 - https:\/\/yoast.com\/product\/yoast-seo-wordpress\/ -->\n<title>Pescuit \u00een Delta Dun\u0103rii | Pachete la Sta\u021bionar \u0219i R\u0103pitor | Pensiunea Ovidiu Crisan<\/title>\n<meta name=\"description\" content=\"Bucur\u0103-te de o experien\u021b\u0103 de pescuit \u00een Delta Dun\u0103rii cu pachete specializate pentru pescuit la sta\u021bionar \u0219i pescuit r\u0103pitor. Oferim \u0219i op\u021biuni de oferte personalizate pentru a r\u0103spunde nevoilor tale specifice. Relaxeaz\u0103-te \u00eentr-un loc unic \u00een Rom\u00e2nia \u0219i \u00een \u00eentreaga lume, departe de poluare \u0219i zgomotul ora\u0219ului, \u00eembin\u00e2nd pasiunea pentru pescuit cu frumuse\u021bea naturii \u0219i confortul la Pensiunea Ovidiu Crisan.\" \/>\n<meta name=\"robots\" content=\"index, follow, max-snippet:-1, max-image-preview:large, max-video-preview:-1\" \/>\n<link rel=\"canonical\" href=\"https:\/\/pensiuneaovidiu.ro\/en\/pescuit-in-delta-dunarii\/\" \/>\n<meta property=\"og:locale\" content=\"en_US\" \/>\n<meta property=\"og:type\" content=\"article\" \/>\n<meta property=\"og:title\" content=\"Pescuit \u00een Delta Dun\u0103rii | Pachete la Sta\u021bionar \u0219i R\u0103pitor | Pensiunea Ovidiu Crisan\" \/>\n<meta property=\"og:description\" content=\"Bucur\u0103-te de o experien\u021b\u0103 de pescuit \u00een Delta Dun\u0103rii cu pachete specializate pentru pescuit la sta\u021bionar \u0219i pescuit r\u0103pitor. Oferim \u0219i op\u021biuni de oferte personalizate pentru a r\u0103spunde nevoilor tale specifice. Relaxeaz\u0103-te \u00eentr-un loc unic \u00een Rom\u00e2nia \u0219i \u00een \u00eentreaga lume, departe de poluare \u0219i zgomotul ora\u0219ului, \u00eembin\u00e2nd pasiunea pentru pescuit cu frumuse\u021bea naturii \u0219i confortul la Pensiunea Ovidiu Crisan.\" \/>\n<meta property=\"og:url\" content=\"https:\/\/pensiuneaovidiu.ro\/en\/pescuit-in-delta-dunarii\/\" \/>\n<meta property=\"og:site_name\" content=\"Pensiunea Ovidiu\" \/>\n<meta property=\"article:publisher\" content=\"https:\/\/www.facebook.com\/PensiuneaOvidiuDeltaDunarii\" \/>\n<meta property=\"article:modified_time\" content=\"2025-02-06T11:46:51+00:00\" \/>\n<meta name=\"twitter:card\" content=\"summary_large_image\" \/>\n<meta name=\"twitter:label1\" content=\"Est. reading time\" \/>\n\t<meta name=\"twitter:data1\" content=\"1 minute\" \/>\n<script type=\"application\/ld+json\" class=\"yoast-schema-graph\">{\"@context\":\"https:\/\/schema.org\",\"@graph\":[{\"@type\":\"WebPage\",\"@id\":\"https:\/\/pensiuneaovidiu.ro\/pescuit-in-delta-dunarii\/\",\"url\":\"https:\/\/pensiuneaovidiu.ro\/pescuit-in-delta-dunarii\/\",\"name\":\"Pescuit \u00een Delta Dun\u0103rii | Pachete la Sta\u021bionar \u0219i R\u0103pitor | Pensiunea Ovidiu Crisan\",\"isPartOf\":{\"@id\":\"https:\/\/pensiuneaovidiu.ro\/#website\"},\"datePublished\":\"2024-02-09T09:31:33+00:00\",\"dateModified\":\"2025-02-06T11:46:51+00:00\",\"description\":\"Bucur\u0103-te de o experien\u021b\u0103 de pescuit \u00een Delta Dun\u0103rii cu pachete specializate pentru pescuit la sta\u021bionar \u0219i pescuit r\u0103pitor. Oferim \u0219i op\u021biuni de oferte personalizate pentru a r\u0103spunde nevoilor tale specifice. Relaxeaz\u0103-te \u00eentr-un loc unic \u00een Rom\u00e2nia \u0219i \u00een \u00eentreaga lume, departe de poluare \u0219i zgomotul ora\u0219ului, \u00eembin\u00e2nd pasiunea pentru pescuit cu frumuse\u021bea naturii \u0219i confortul la Pensiunea Ovidiu Crisan.\",\"inLanguage\":\"en-US\",\"potentialAction\":[{\"@type\":\"ReadAction\",\"target\":[\"https:\/\/pensiuneaovidiu.ro\/pescuit-in-delta-dunarii\/\"]}]},{\"@type\":\"WebSite\",\"@id\":\"https:\/\/pensiuneaovidiu.ro\/#website\",\"url\":\"https:\/\/pensiuneaovidiu.ro\/\",\"name\":\"Pensiunea Ovidiu\",\"description\":\"\",\"publisher\":{\"@id\":\"https:\/\/pensiuneaovidiu.ro\/#organization\"},\"potentialAction\":[{\"@type\":\"SearchAction\",\"target\":{\"@type\":\"EntryPoint\",\"urlTemplate\":\"https:\/\/pensiuneaovidiu.ro\/?s={search_term_string}\"},\"query-input\":{\"@type\":\"PropertyValueSpecification\",\"valueRequired\":true,\"valueName\":\"search_term_string\"}}],\"inLanguage\":\"en-US\"},{\"@type\":\"Organization\",\"@id\":\"https:\/\/pensiuneaovidiu.ro\/#organization\",\"name\":\"Pensiunea Ovidiu\",\"url\":\"https:\/\/pensiuneaovidiu.ro\/\",\"logo\":{\"@type\":\"ImageObject\",\"inLanguage\":\"en-US\",\"@id\":\"https:\/\/pensiuneaovidiu.ro\/#\/schema\/logo\/image\/\",\"url\":\"https:\/\/pensiuneaovidiu.ro\/wp-content\/uploads\/2024\/02\/logo-pensiunea-ovidiu-b.png\",\"contentUrl\":\"https:\/\/pensiuneaovidiu.ro\/wp-content\/uploads\/2024\/02\/logo-pensiunea-ovidiu-b.png\",\"width\":250,\"height\":250,\"caption\":\"Pensiunea Ovidiu\"},\"image\":{\"@id\":\"https:\/\/pensiuneaovidiu.ro\/#\/schema\/logo\/image\/\"},\"sameAs\":[\"https:\/\/www.facebook.com\/PensiuneaOvidiuDeltaDunarii\",\"https:\/\/www.instagram.com\/pensiuneaovidiu\/\",\"https:\/\/www.youtube.com\/@pensiuneaovidiudeltadunari2944\"]}]}<\/script>\n<!-- \/ Yoast SEO plugin. -->","yoast_head_json":{"title":"Pescuit \u00een Delta Dun\u0103rii | Pachete la Sta\u021bionar \u0219i R\u0103pitor | Pensiunea Ovidiu Crisan","description":"Bucur\u0103-te de o experien\u021b\u0103 de pescuit \u00een Delta Dun\u0103rii cu pachete specializate pentru pescuit la sta\u021bionar \u0219i pescuit r\u0103pitor. Oferim \u0219i op\u021biuni de oferte personalizate pentru a r\u0103spunde nevoilor tale specifice. Relaxeaz\u0103-te \u00eentr-un loc unic \u00een Rom\u00e2nia \u0219i \u00een \u00eentreaga lume, departe de poluare \u0219i zgomotul ora\u0219ului, \u00eembin\u00e2nd pasiunea pentru pescuit cu frumuse\u021bea naturii \u0219i confortul la Pensiunea Ovidiu Crisan.","robots":{"index":"index","follow":"follow","max-snippet":"max-snippet:-1","max-image-preview":"max-image-preview:large","max-video-preview":"max-video-preview:-1"},"canonical":"https:\/\/pensiuneaovidiu.ro\/en\/pescuit-in-delta-dunarii\/","og_locale":"en_US","og_type":"article","og_title":"Pescuit \u00een Delta Dun\u0103rii | Pachete la Sta\u021bionar \u0219i R\u0103pitor | Pensiunea Ovidiu Crisan","og_description":"Bucur\u0103-te de o experien\u021b\u0103 de pescuit \u00een Delta Dun\u0103rii cu pachete specializate pentru pescuit la sta\u021bionar \u0219i pescuit r\u0103pitor. Oferim \u0219i op\u021biuni de oferte personalizate pentru a r\u0103spunde nevoilor tale specifice. Relaxeaz\u0103-te \u00eentr-un loc unic \u00een Rom\u00e2nia \u0219i \u00een \u00eentreaga lume, departe de poluare \u0219i zgomotul ora\u0219ului, \u00eembin\u00e2nd pasiunea pentru pescuit cu frumuse\u021bea naturii \u0219i confortul la Pensiunea Ovidiu Crisan.","og_url":"https:\/\/pensiuneaovidiu.ro\/en\/pescuit-in-delta-dunarii\/","og_site_name":"Pensiunea Ovidiu","article_publisher":"https:\/\/www.facebook.com\/PensiuneaOvidiuDeltaDunarii","article_modified_time":"2025-02-06T11:46:51+00:00","twitter_card":"summary_large_image","twitter_misc":{"Est. reading time":"1 minute"},"schema":{"@context":"https:\/\/schema.org","@graph":[{"@type":"WebPage","@id":"https:\/\/pensiuneaovidiu.ro\/pescuit-in-delta-dunarii\/","url":"https:\/\/pensiuneaovidiu.ro\/pescuit-in-delta-dunarii\/","name":"Pescuit \u00een Delta Dun\u0103rii | Pachete la Sta\u021bionar \u0219i R\u0103pitor | Pensiunea Ovidiu Crisan","isPartOf":{"@id":"https:\/\/pensiuneaovidiu.ro\/#website"},"datePublished":"2024-02-09T09:31:33+00:00","dateModified":"2025-02-06T11:46:51+00:00","description":"Bucur\u0103-te de o experien\u021b\u0103 de pescuit \u00een Delta Dun\u0103rii cu pachete specializate pentru pescuit la sta\u021bionar \u0219i pescuit r\u0103pitor. Oferim \u0219i op\u021biuni de oferte personalizate pentru a r\u0103spunde nevoilor tale specifice. Relaxeaz\u0103-te \u00eentr-un loc unic \u00een Rom\u00e2nia \u0219i \u00een \u00eentreaga lume, departe de poluare \u0219i zgomotul ora\u0219ului, \u00eembin\u00e2nd pasiunea pentru pescuit cu frumuse\u021bea naturii \u0219i confortul la Pensiunea Ovidiu Crisan.","inLanguage":"en-US","potentialAction":[{"@type":"ReadAction","target":["https:\/\/pensiuneaovidiu.ro\/pescuit-in-delta-dunarii\/"]}]},{"@type":"WebSite","@id":"https:\/\/pensiuneaovidiu.ro\/#website","url":"https:\/\/pensiuneaovidiu.ro\/","name":"Ovidiu Guesthouse","description":"","publisher":{"@id":"https:\/\/pensiuneaovidiu.ro\/#organization"},"potentialAction":[{"@type":"SearchAction","target":{"@type":"EntryPoint","urlTemplate":"https:\/\/pensiuneaovidiu.ro\/?s={search_term_string}"},"query-input":{"@type":"PropertyValueSpecification","valueRequired":true,"valueName":"search_term_string"}}],"inLanguage":"en-US"},{"@type":"Organization","@id":"https:\/\/pensiuneaovidiu.ro\/#organization","name":"Ovidiu Guesthouse","url":"https:\/\/pensiuneaovidiu.ro\/","logo":{"@type":"ImageObject","inLanguage":"en-US","@id":"https:\/\/pensiuneaovidiu.ro\/#\/schema\/logo\/image\/","url":"https:\/\/pensiuneaovidiu.ro\/wp-content\/uploads\/2024\/02\/logo-pensiunea-ovidiu-b.png","contentUrl":"https:\/\/pensiuneaovidiu.ro\/wp-content\/uploads\/2024\/02\/logo-pensiunea-ovidiu-b.png","width":250,"height":250,"caption":"Pensiunea Ovidiu"},"image":{"@id":"https:\/\/pensiuneaovidiu.ro\/#\/schema\/logo\/image\/"},"sameAs":["https:\/\/www.facebook.com\/PensiuneaOvidiuDeltaDunarii","https:\/\/www.instagram.com\/pensiuneaovidiu\/","https:\/\/www.youtube.com\/@pensiuneaovidiudeltadunari2944"]}]}},"_links":{"self":[{"href":"https:\/\/pensiuneaovidiu.ro\/en\/wp-json\/wp\/v2\/pages\/655","targetHints":{"allow":["GET"]}}],"collection":[{"href":"https:\/\/pensiuneaovidiu.ro\/en\/wp-json\/wp\/v2\/pages"}],"about":[{"href":"https:\/\/pensiuneaovidiu.ro\/en\/wp-json\/wp\/v2\/types\/page"}],"author":[{"embeddable":true,"href":"https:\/\/pensiuneaovidiu.ro\/en\/wp-json\/wp\/v2\/users\/1"}],"replies":[{"embeddable":true,"href":"https:\/\/pensiuneaovidiu.ro\/en\/wp-json\/wp\/v2\/comments?post=655"}],"version-history":[{"count":41,"href":"https:\/\/pensiuneaovidiu.ro\/en\/wp-json\/wp\/v2\/pages\/655\/revisions"}],"predecessor-version":[{"id":1876,"href":"https:\/\/pensiuneaovidiu.ro\/en\/wp-json\/wp\/v2\/pages\/655\/revisions\/1876"}],"wp:attachment":[{"href":"https:\/\/pensiuneaovidiu.ro\/en\/wp-json\/wp\/v2\/media?parent=655"}],"curies":[{"name":"wp","href":"https:\/\/api.w.org\/{rel}","templated":true}]}}